{"id":263,"date":"2025-01-24T16:04:05","date_gmt":"2025-01-24T16:04:05","guid":{"rendered":"https:\/\/hotelcasadelarosa.ro\/?page_id=263"},"modified":"2025-01-24T16:05:19","modified_gmt":"2025-01-24T16:05:19","slug":"regulament","status":"publish","type":"page","link":"https:\/\/hotelcasadelarosa.ro\/de\/verordnung\/","title":{"rendered":"Verordnung"},"content":{"rendered":"<p>Liebe G\u00e4ste,<br \/>\nWir m\u00f6chten Ihren Aufenthalt bei uns so angenehm wie m\u00f6glich gestalten und bitten Sie, Folgendes zu beachten:<\/p>\n<p>WIE BENUTZEN<br \/>\nIm Hotel Casa de la Rosa k\u00f6nnen die Zimmer \u00fcber die Website oder \u00fcber die Rezeption des Hotels unter 0040729797900 oder per E-Mail unter office@hotelcasadelarosa.ro gebucht werden.<\/p>\n<p>BUCHUNGSBEST\u00c4TIGUNG<br \/>\nDie Best\u00e4tigung einer individuellen Buchung, die per E-Mail oder Telefon eingegangen ist, erfolgt durch \u00dcbersendung eines Buchungsformulars des Hotels Casa de la Rosa. Der Kunde ist verpflichtet, die Richtigkeit der in diesem Formular eingegebenen Daten zu \u00fcberpr\u00fcfen. \u00c4nderungen der best\u00e4tigten Reservierung werden vorbehaltlich der Verf\u00fcgbarkeit zum Zeitpunkt der \u00c4nderung akzeptiert.<\/p>\n<p>ART DER ZAHLUNG<br \/>\nDie Bezahlung erfolgt in bar, per Kreditkarte (Visa, Mastercard, Maestro) oder per \u00dcberweisung. Die Bezahlung der Unterkunft und der zus\u00e4tzlichen Kosten erfolgt sp\u00e4testens beim Check-out. Das Hotel beh\u00e4lt sich das Recht vor, die Kosten f\u00fcr die Unterkunft beim Check-in in Rechnung zu stellen. Bei gro\u00dfen Veranstaltungen in der Stadt beh\u00e4lt sich das Hotel das Recht vor, die vollst\u00e4ndige Zahlung im Voraus zu verlangen.<\/p>\n<p>STORNIERUNGSBEDINGUNGEN<br \/>\nDer Kunde kann die Reservierung mehr als 48 Stunden vor der Ankunft kostenlos stornieren. Bei einer Stornierung weniger als 48 Stunden vor der Ankunft wird dem Kunden der Preis f\u00fcr die erste \u00dcbernachtung in Rechnung gestellt. Bei Nichterscheinen wird die erste \u00dcbernachtung in Rechnung gestellt und der Rest des gebuchten Zeitraums wird storniert.<\/p>\n<p>POLITIK F\u00dcR KINDER UND ZUSATZBETTEN<br \/>\nKinder im Alter von 0-6 Jahren (nicht vollj\u00e4hrig) sind kostenlos, wenn sie in einem Zimmer mit zwei zahlenden Erwachsenen untergebracht sind, die dasselbe Bett benutzen.<br \/>\nKinder zwischen 6 und 12 Jahren k\u00f6nnen kostenlos \u00fcbernachten, wenn sie die vorhandenen Betten benutzen, aber das Fr\u00fchst\u00fcck wird berechnet.<br \/>\nBabybetten sind ebenfalls vorhanden.<br \/>\nDie maximale Bettenkapazit\u00e4t in einem Zimmer betr\u00e4gt 1.<br \/>\nDie Kinderbetten m\u00fcssen vom Beherbergungsbetrieb angefordert und best\u00e4tigt werden.<\/p>\n<p>HAUSTIERE<br \/>\nHaustiere sind im Hotel nicht erlaubt.<\/p>\n<p>RESTAURANT- UND BARPROGRAMM<br \/>\nDas Fr\u00fchst\u00fcck wird unter der Woche von 07:00 bis 10:00 Uhr und am Wochenende von 08:00 bis 10:00 Uhr ausschlie\u00dflich f\u00fcr Hotelg\u00e4ste im Hotelrestaurant im Erdgeschoss serviert. Das Restaurant und die Bar sind t\u00e4glich von 12:00-22:00 Uhr ge\u00f6ffnet.<br \/>\nDas Einbringen und der Verzehr von Speisen und Getr\u00e4nken von au\u00dferhalb des Gel\u00e4ndes, sowohl im Restaurant als auch auf der Terrasse des Hotels Casa de la Rosa, ist verboten.<\/p>\n<p>RAUCHEN<br \/>\nDas Rauchen ist im Hotel verboten. Bei Nichtbeachtung des Verbots wird eine Strafe von 500 Lei\/Tag f\u00e4llig. Wir informieren Sie, dass in jedem Zimmer Rauchmelder vorhanden sind, die Zigarettenrauch erkennen und den Rauchalarm ausl\u00f6sen.<\/p>\n<p>PARKEN<br \/>\nDas Parken ist auf dem ger\u00e4umigen Parkplatz des Hotels m\u00f6glich. Wir reservieren keine Parkpl\u00e4tze und erheben keine Geb\u00fchren f\u00fcr unsere Hotelg\u00e4ste.<\/p>\n<p>INTERNET<br \/>\nDas drahtlose Internet ist im gesamten Hotel verf\u00fcgbar und ist kostenlos.<\/p>\n<p>Einchecken:14:00<br \/>\nAuschecken:12:00<\/p>\n<p>DAS RECHT, KUNDEN AUSZUW\u00c4HLEN:<br \/>\nDas Hotel Casa de la Rosa hat das Recht, G\u00e4ste auszuw\u00e4hlen.<br \/>\nUnsere G\u00e4ste sind verpflichtet, die Hotelordnung einzuhalten und die Ruhe im Hotel, im Restaurant, auf der Terrasse und auf dem Parkplatz sowie die Regeln des sozialen und moralischen Verhaltens zu respektieren.<br \/>\nDer Gast ist au\u00dferdem verpflichtet, das ihm anvertraute Eigentum w\u00e4hrend seines Aufenthalts sorgf\u00e4ltig zu behandeln; die Kosten f\u00fcr die Besch\u00e4digung oder Zerst\u00f6rung von Eigentum des Hotels Casa de la Rosa gehen zu Lasten desjenigen, der daf\u00fcr verantwortlich ist.<br \/>\nDas Hotel Casa de la Rosa beh\u00e4lt sich das Recht vor, betrunkenen, unh\u00f6flichen oder r\u00fcpelhaften G\u00e4sten, deren Verhalten dem Image des Hotels schadet oder die anderen G\u00e4ste st\u00f6rt, die Unterkunft oder den Service im Restaurant zu verweigern.<\/p>\n<p>SCHLUSSKLAUSEL:<br \/>\nWir gehen davon aus, dass jeder Gast bei der Inanspruchnahme einer der vom Hotel Casa de la Rosa angebotenen Dienstleistungen von den oben genannten Bedingungen Kenntnis genommen und sie stillschweigend akzeptiert hat.<br \/>\nDie oben genannten Bedingungen k\u00f6nnen vom Hotel Casa de la Rosa jederzeit und ohne vorherige Ank\u00fcndigung ge\u00e4ndert werden.<br \/>\nAll diese Regeln wurden aufgestellt, um unseren G\u00e4sten einen m\u00f6glichst angenehmen Aufenthalt in unserem Haus zu erm\u00f6glichen.<\/p>\n<p>Vielen Dank f\u00fcr Ihr Verst\u00e4ndnis!<\/p>","protected":false},"excerpt":{"rendered":"<p>Dragi oaspe\u021bi, Ne dorim ca sejurul dumneavoastr\u0103 \u00een loca\u021bia noastr\u0103 &#8230; Cite\u0219te mai multe<\/p>","protected":false},"author":1,"featured_media":0,"parent":0,"menu_order":0,"comment_status":"closed","ping_status":"closed","template":"","meta":{"footnotes":""},"class_list":["post-263","page","type-page","status-publish","hentry"],"_links":{"self":[{"href":"https:\/\/hotelcasadelarosa.ro\/de\/wp-json\/wp\/v2\/pages\/263","targetHints":{"allow":["GET"]}}],"collection":[{"href":"https:\/\/hotelcasadelarosa.ro\/de\/wp-json\/wp\/v2\/pages"}],"about":[{"href":"https:\/\/hotelcasadelarosa.ro\/de\/wp-json\/wp\/v2\/types\/page"}],"author":[{"embeddable":true,"href":"https:\/\/hotelcasadelarosa.ro\/de\/wp-json\/wp\/v2\/users\/1"}],"replies":[{"embeddable":true,"href":"https:\/\/hotelcasadelarosa.ro\/de\/wp-json\/wp\/v2\/comments?post=263"}],"version-history":[{"count":2,"href":"https:\/\/hotelcasadelarosa.ro\/de\/wp-json\/wp\/v2\/pages\/263\/revisions"}],"predecessor-version":[{"id":269,"href":"https:\/\/hotelcasadelarosa.ro\/de\/wp-json\/wp\/v2\/pages\/263\/revisions\/269"}],"wp:attachment":[{"href":"https:\/\/hotelcasadelarosa.ro\/de\/wp-json\/wp\/v2\/media?parent=263"}],"curies":[{"name":"wp","href":"https:\/\/api.w.org\/{rel}","templated":true}]}}