{"id":267,"date":"2025-01-24T16:04:18","date_gmt":"2025-01-24T16:04:18","guid":{"rendered":"https:\/\/hotelcasadelarosa.ro\/?page_id=267"},"modified":"2025-01-24T16:05:24","modified_gmt":"2025-01-24T16:05:24","slug":"gdpr","status":"publish","type":"page","link":"https:\/\/hotelcasadelarosa.ro\/de\/gdpr\/","title":{"rendered":"GDPR"},"content":{"rendered":"<p>hotelcasadelarosa.ro verwendet Cookies, um Ihnen eine m\u00f6glichst angenehme Erfahrung zu bieten. Indem Sie weiter navigieren, erkl\u00e4ren Sie Ihr Einverst\u00e4ndnis mit deren Verwendung. Die folgenden Informationen sollen den Benutzer \u00fcber die Platzierung, Verwendung und Verwaltung von Cookies, die von der Website hotelcasadelarosa.ro verwendet zu informieren.<\/p>\n<p>Bitte lesen Sie die folgenden Informationen sorgf\u00e4ltig durch:<\/p>\n<p>Cookies<\/p>\n<p>Um Ihnen eine m\u00f6glichst reibungslose Navigation auf der Website hotelcasadelarosa.ro zu erm\u00f6glichen, verwenden wir eine Funktion des Internetbrowsers, die \"Cookie\" genannt wird. Cookies sind kleine Dateien, die der Browser auf der Festplatte des Nutzers ablegt. Diese Cookies werden verwendet, um die Namen, Passw\u00f6rter und Pr\u00e4ferenzen der Nutzer zu speichern, die Besuche auf der Website zu \u00fcberwachen und die Seiten entsprechend dem Besucher zu personalisieren.<\/p>\n<p>Sie haben die M\u00f6glichkeit, Ihren Browser so einzustellen, dass er Cookies ablehnt. In diesem Fall wird es jedoch negative Auswirkungen auf Ihre Navigation auf unserer Website haben.<\/p>\n<p>R\u00fcckmeldung<\/p>\n<p>hotelcasadelarosa.ro bietet den Nutzern der Website die M\u00f6glichkeit, Kommentare, Bewertungen, Fragen und Anregungen zu senden. Alle Informationen, die \u00fcber die Kontaktformulare gesendet werden, werden unter Ber\u00fccksichtigung der Privatsph\u00e4re und Bildrechte von Personen verwendet werden.<\/p>\n<p>\u00c4nderungen der Datenschutzrichtlinie<\/p>\n<p>Wenn wir es f\u00fcr notwendig erachten, unsere Datenschutzrichtlinien zu \u00e4ndern, werden wir diese \u00c4nderungen auf dieser Seite ver\u00f6ffentlichen, um Sie dar\u00fcber zu informieren, welche Arten von Informationen wir sammeln und wie wir sie verwenden. Wenn Sie Fragen zu unserer Datenschutzrichtlinie haben, senden Sie uns bitte eine E-Mail an office@hotelcasadelarosa.ro.<\/p>","protected":false},"excerpt":{"rendered":"<p>hotelcasadelarosa.ro folose\u015fte cookies pentru a-\u0163i oferi o experien\u0163\u0103 c\u00e2t mai &#8230; Cite\u0219te mai multe<\/p>","protected":false},"author":1,"featured_media":0,"parent":0,"menu_order":0,"comment_status":"closed","ping_status":"closed","template":"","meta":{"footnotes":""},"class_list":["post-267","page","type-page","status-publish","hentry"],"_links":{"self":[{"href":"https:\/\/hotelcasadelarosa.ro\/de\/wp-json\/wp\/v2\/pages\/267","targetHints":{"allow":["GET"]}}],"collection":[{"href":"https:\/\/hotelcasadelarosa.ro\/de\/wp-json\/wp\/v2\/pages"}],"about":[{"href":"https:\/\/hotelcasadelarosa.ro\/de\/wp-json\/wp\/v2\/types\/page"}],"author":[{"embeddable":true,"href":"https:\/\/hotelcasadelarosa.ro\/de\/wp-json\/wp\/v2\/users\/1"}],"replies":[{"embeddable":true,"href":"https:\/\/hotelcasadelarosa.ro\/de\/wp-json\/wp\/v2\/comments?post=267"}],"version-history":[{"count":2,"href":"https:\/\/hotelcasadelarosa.ro\/de\/wp-json\/wp\/v2\/pages\/267\/revisions"}],"predecessor-version":[{"id":271,"href":"https:\/\/hotelcasadelarosa.ro\/de\/wp-json\/wp\/v2\/pages\/267\/revisions\/271"}],"wp:attachment":[{"href":"https:\/\/hotelcasadelarosa.ro\/de\/wp-json\/wp\/v2\/media?parent=267"}],"curies":[{"name":"wp","href":"https:\/\/api.w.org\/{rel}","templated":true}]}}