{"id":265,"date":"2025-01-24T16:04:12","date_gmt":"2025-01-24T16:04:12","guid":{"rendered":"https:\/\/hotelcasadelarosa.ro\/?page_id=265"},"modified":"2025-01-24T16:05:24","modified_gmt":"2025-01-24T16:05:24","slug":"termeni","status":"publish","type":"page","link":"https:\/\/hotelcasadelarosa.ro\/hu\/feltetelek\/","title":{"rendered":"Felt\u00e9telek"},"content":{"rendered":"<p>A weboldal haszn\u00e1lata<\/p>\n<p>A Honlaphoz val\u00f3 hozz\u00e1f\u00e9r\u00e9ssel \u00d6n elfogadja, hogy az ezen az oldalon tal\u00e1lhat\u00f3 felt\u00e9telek \u00e9s kik\u00f6t\u00e9sek k\u00f6telez\u0151 \u00e9rv\u00e9ny\u0171ek.<\/p>\n<p>1. Haszn\u00e1lt kifejez\u00e9sek:<\/p>\n<p>- Honlap = www.hotelcasadelarosa.ro\/<\/p>\n<p>- hotelcasadelarosa.ro = Webhely adminisztr\u00e1tor<\/p>\n<p>- Felhaszn\u00e1l\u00f3 = a Webhelyhez hozz\u00e1f\u00e9r\u0151 vagy azt haszn\u00e1l\u00f3 b\u00e1rmely szem\u00e9ly vagy szervezet,<\/p>\n<p>Az adatok bizalmas kezel\u00e9se<\/p>\n<p>Szem\u00e9lyes adatok feldolgoz\u00e1sa<\/p>\n<p>S.C. Casa de la Rosa S.R.L., a tov\u00e1bbiakban: hotelcasadelarosa.ro, az \u00d6n szem\u00e9lyes adatait (n\u00e9v, vezet\u00e9kn\u00e9v, telefonsz\u00e1m, c\u00edm, e-mail c\u00edm) vagy k\u00fcl\u00f6nleges jelleg\u0171 adatokat (CNP, CI) a marketing \u00e9s k\u00f6nyvel\u00e9si oszt\u00e1ly \u00e1ltali felhaszn\u00e1l\u00e1s c\u00e9lj\u00e1b\u00f3l kezelheti.<\/p>\n<p>A hotelcasadelarosa.ro \u00fczemeltet\u0151je v\u00e1llalja a szem\u00e9lyes adatok inform\u00e1ci\u00f3s rendszer\u00e9ben feldolgozott szem\u00e9lyes adatok v\u00e9delm\u00e9t szolg\u00e1l\u00f3 valamennyi int\u00e9zked\u00e9s meghozatal\u00e1t.<\/p>\n<p>A szem\u00e9lyes adatok feldolgoz\u00e1sa tekintet\u00e9ben az egy\u00e9nek v\u00e9delm\u00e9r\u0151l \u00e9s az ilyen adatok szabad \u00e1raml\u00e1s\u00e1r\u00f3l sz\u00f3l\u00f3 677\/2001. sz\u00e1m\u00fa m\u00f3dos\u00edtott \u00e9s kieg\u00e9sz\u00edtett t\u00f6rv\u00e9ny \u00e9rtelm\u00e9ben \u00d6nnek joga van az adatokhoz val\u00f3 hozz\u00e1f\u00e9r\u00e9shez, az adatokkal kapcsolatos beavatkoz\u00e1shoz, a tiltakoz\u00e1shoz, ahhoz, hogy ne legyen egyedi d\u00f6nt\u00e9s t\u00e1rgya, valamint a b\u00edr\u00f3s\u00e1ghoz fordul\u00e1shoz. Ezen jogok gyakorl\u00e1sa \u00e9rdek\u00e9ben a hotelcasadelarosa.ro jogi k\u00e9pvisel\u0151ihez fordulhat a k\u00f6vetkez\u0151 e-mail c\u00edmre k\u00fcld\u00f6tt, d\u00e1tummal \u00e9s al\u00e1\u00edr\u00e1ssal ell\u00e1tott \u00edr\u00e1sbeli k\u00e9relemmel: office@hotelcasadelarosa.ro.<\/p>\n<p>A hotelcasadelarosa.ro k\u00f6teles biztons\u00e1gos k\u00f6r\u00fclm\u00e9nyek k\u00f6z\u00f6tt \u00e9s kiz\u00e1r\u00f3lag a meghat\u00e1rozott c\u00e9lokra kezelni azokat a szem\u00e9lyes adatokat, amelyeket \u00d6n, csal\u00e1dtagja vagy m\u00e1s szem\u00e9ly, valamint a www.hotelcasadelarosa.ro\/ weboldal szerz\u0151jek\u00e9nt, tulajdonosak\u00e9nt, felhaszn\u00e1l\u00f3jak\u00e9nt \u00e9s adminisztr\u00e1torak\u00e9nt megadott nek\u00fcnk.<\/p>\n<p>, tiszteletben tartja az \u00d6n \u00e1ltal a weboldal haszn\u00e1lata sor\u00e1n megadott inform\u00e1ci\u00f3k - bele\u00e9rtve az \u00d6n szem\u00e9lyes adatait is - v\u00e9delm\u00e9t \u00e9s biztons\u00e1g\u00e1t, amely c\u00e9lb\u00f3l l\u00e9trehozta \u00e9s \u00e9rv\u00e9nyre juttatta a www.hotelcasadelarosa.ro\/ weboldalon k\u00f6zz\u00e9tett Adatv\u00e9delmi szab\u00e1lyzatot.<\/p>\n<p>A felhaszn\u00e1l\u00f3 \u00e1ltal megadott szem\u00e9lyes adatokat a hotelcasadelarosa.ro kiz\u00e1r\u00f3lag a www.hotelcasadelarosa.ro\/ weboldalon megadott c\u00e9lra haszn\u00e1lja fel.<\/p>\n<p>A szem\u00e9lyes adatok feldolgoz\u00e1s\u00e1nak biztons\u00e1ga \u00e9rdek\u00e9ben hozott int\u00e9zked\u00e9sek<\/p>\n<p>A hotelcasadelarosa.ro megtesz minden megfelel\u0151 technikai \u00e9s szervez\u00e9si int\u00e9zked\u00e9st a szem\u00e9lyes adatok v\u00e9letlen vagy jogellenes megsemmis\u00fcl\u00e9s, v\u00e9letlen elveszt\u00e9s, megv\u00e1ltoztat\u00e1s, jogosulatlan nyilv\u00e1noss\u00e1gra hozatal vagy hozz\u00e1f\u00e9r\u00e9s elleni v\u00e9delme \u00e9rdek\u00e9ben.<\/p>\n<p>A szem\u00e9lyes adatokat tartalmaz\u00f3 adatb\u00e1zishoz csak a v\u00e1llalat vezet\u0151s\u00e9ge \u00e1ltal kijel\u00f6lt felhaszn\u00e1l\u00f3k f\u00e9rhetnek hozz\u00e1, akik rendelkeznek a sz\u00fcks\u00e9ges k\u00e9pz\u00e9ssel annak biztos\u00edt\u00e1s\u00e1ra, hogy az \u00e1ltaluk hozz\u00e1f\u00e9rhet\u0151 adatok bizalmasan kezelhet\u0151k legyenek.<\/p>\n<p>A szem\u00e9lyes adatok nyomtat\u00e1sa kiz\u00e1r\u00f3lag a megadott c\u00e9lokra t\u00f6rt\u00e9nik, a hat\u00e1lyos jogszab\u00e1lyi rendelkez\u00e9sekkel \u00f6sszhangban. A felhaszn\u00e1l\u00f3k k\u00fcls\u0151 hozz\u00e1f\u00e9r\u00e9s\u00e9nek lehetetlenn\u00e9 t\u00e9tele a bels\u0151 h\u00e1l\u00f3zathoz, ahol a szem\u00e9lyes adatok feldolgoz\u00e1sa t\u00f6rt\u00e9nik, biztos\u00edtott, mik\u00f6zben a tov\u00e1bb\u00edtott szem\u00e9lyes adatok integrit\u00e1s\u00e1t \u00e9s bizalmas jelleg\u00e9t az inform\u00e1ci\u00f3v\u00e9delem kriptogr\u00e1fiai eszk\u00f6zeinek alkalmaz\u00e1s\u00e1val biztos\u00edtj\u00e1k.<\/p>","protected":false},"excerpt":{"rendered":"<p>Utilizarea website-ului \u00cen momentul acces\u0103rii Website -ului accepta\u021bi s\u0103 v\u0103 &#8230; Cite\u0219te mai multe<\/p>","protected":false},"author":1,"featured_media":0,"parent":0,"menu_order":0,"comment_status":"closed","ping_status":"closed","template":"","meta":{"footnotes":""},"class_list":["post-265","page","type-page","status-publish","hentry"],"_links":{"self":[{"href":"https:\/\/hotelcasadelarosa.ro\/hu\/wp-json\/wp\/v2\/pages\/265","targetHints":{"allow":["GET"]}}],"collection":[{"href":"https:\/\/hotelcasadelarosa.ro\/hu\/wp-json\/wp\/v2\/pages"}],"about":[{"href":"https:\/\/hotelcasadelarosa.ro\/hu\/wp-json\/wp\/v2\/types\/page"}],"author":[{"embeddable":true,"href":"https:\/\/hotelcasadelarosa.ro\/hu\/wp-json\/wp\/v2\/users\/1"}],"replies":[{"embeddable":true,"href":"https:\/\/hotelcasadelarosa.ro\/hu\/wp-json\/wp\/v2\/comments?post=265"}],"version-history":[{"count":2,"href":"https:\/\/hotelcasadelarosa.ro\/hu\/wp-json\/wp\/v2\/pages\/265\/revisions"}],"predecessor-version":[{"id":270,"href":"https:\/\/hotelcasadelarosa.ro\/hu\/wp-json\/wp\/v2\/pages\/265\/revisions\/270"}],"wp:attachment":[{"href":"https:\/\/hotelcasadelarosa.ro\/hu\/wp-json\/wp\/v2\/media?parent=265"}],"curies":[{"name":"wp","href":"https:\/\/api.w.org\/{rel}","templated":true}]}}