{"id":267,"date":"2025-01-24T16:04:18","date_gmt":"2025-01-24T16:04:18","guid":{"rendered":"https:\/\/hotelcasadelarosa.ro\/?page_id=267"},"modified":"2025-01-24T16:05:24","modified_gmt":"2025-01-24T16:05:24","slug":"gdpr","status":"publish","type":"page","link":"https:\/\/hotelcasadelarosa.ro\/hu\/gdpr\/","title":{"rendered":"GDPR"},"content":{"rendered":"<p>A hotelcasadelarosa.ro cookie-kat haszn\u00e1l, hogy a lehet\u0151 legkellemesebb \u00e9lm\u00e9nyt ny\u00fajtsa \u00d6nnek. A tov\u00e1bbi navig\u00e1l\u00e1ssal \u00d6n hozz\u00e1j\u00e1rul\u00e1s\u00e1t fejezi ki ezek haszn\u00e1lat\u00e1hoz. Az al\u00e1bbi inform\u00e1ci\u00f3k c\u00e9lja, hogy t\u00e1j\u00e9koztassa a felhaszn\u00e1l\u00f3t a hotelcasadelarosa.ro weboldal \u00e1ltal haszn\u00e1lt s\u00fctik elhelyez\u00e9s\u00e9r\u0151l, haszn\u00e1lat\u00e1r\u00f3l \u00e9s kezel\u00e9s\u00e9r\u0151l.<\/p>\n<p>K\u00e9rj\u00fck, figyelmesen olvassa el az al\u00e1bbi inform\u00e1ci\u00f3kat:<\/p>\n<p>S\u00fctik<\/p>\n<p>Annak \u00e9rdek\u00e9ben, hogy a hotelcasadelarosa.ro weboldalon a lehet\u0151 legg\u00f6rd\u00fcl\u00e9kenyebb navig\u00e1ci\u00f3t biztos\u00edtsuk \u00d6nnek, egy \"cookie\" nev\u0171 internetes b\u00f6ng\u00e9sz\u0151 funkci\u00f3t haszn\u00e1lunk. A cookie-k olyan kis f\u00e1jlok, amelyeket a b\u00f6ng\u00e9sz\u0151 a felhaszn\u00e1l\u00f3 merevlemez\u00e9re helyez. Ezek a cookie-k arra szolg\u00e1lnak, hogy megjegyezz\u00e9k a felhaszn\u00e1l\u00f3k nev\u00e9t, jelszavait \u00e9s preferenci\u00e1it, nyomon k\u00f6vess\u00e9k a webhely l\u00e1togat\u00e1s\u00e1t, \u00e9s a l\u00e1togat\u00f3nak megfelel\u0151en szem\u00e9lyre szabj\u00e1k az oldalakat.<\/p>\n<p>Lehet\u0151s\u00e9ge van be\u00e1ll\u00edtani a b\u00f6ng\u00e9sz\u0151j\u00e9t a s\u00fctik elutas\u00edt\u00e1s\u00e1ra. Ebben az esetben azonban ez negat\u00edv hat\u00e1ssal lesz az oldalunkon val\u00f3 navig\u00e1l\u00e1sra.<\/p>\n<p>Visszajelz\u00e9s<\/p>\n<p>A hotelcasadelarosa.ro lehet\u0151s\u00e9get biztos\u00edt a weboldal felhaszn\u00e1l\u00f3i sz\u00e1m\u00e1ra, hogy megjegyz\u00e9seket, v\u00e9lem\u00e9nyeket, k\u00e9rd\u00e9seket \u00e9s javaslatokat k\u00fcldjenek. A kapcsolatfelv\u00e9teli \u0171rlapokon kereszt\u00fcl elk\u00fcld\u00f6tt inform\u00e1ci\u00f3kat a mag\u00e1nszem\u00e9lyek mag\u00e1n\u00e9lethez \u00e9s k\u00e9pm\u00e1shoz f\u0171z\u0151d\u0151 jogainak figyelembev\u00e9tel\u00e9vel haszn\u00e1ljuk fel.<\/p>\n<p>Adatv\u00e9delmi ir\u00e1nyelvek v\u00e1ltoz\u00e1sai<\/p>\n<p>Ha sz\u00fcks\u00e9gesnek tartjuk adatv\u00e9delmi szab\u00e1lyzatunk m\u00f3dos\u00edt\u00e1s\u00e1t, akkor ezeket a m\u00f3dos\u00edt\u00e1sokat ezen az oldalon tessz\u00fck k\u00f6zz\u00e9, hogy t\u00e1j\u00e9koztassuk \u00d6nt az \u00e1ltalunk gy\u0171jt\u00f6tt adatok t\u00edpusair\u00f3l \u00e9s felhaszn\u00e1l\u00e1suk m\u00f3dj\u00e1r\u00f3l. Ha b\u00e1rmilyen k\u00e9rd\u00e9se van adatv\u00e9delmi szab\u00e1lyzatunkkal kapcsolatban, k\u00e9rj\u00fck, \u00edrjon nek\u00fcnk a office@hotelcasadelarosa.ro e-mail c\u00edmre.<\/p>","protected":false},"excerpt":{"rendered":"<p>hotelcasadelarosa.ro folose\u015fte cookies pentru a-\u0163i oferi o experien\u0163\u0103 c\u00e2t mai &#8230; Cite\u0219te mai multe<\/p>","protected":false},"author":1,"featured_media":0,"parent":0,"menu_order":0,"comment_status":"closed","ping_status":"closed","template":"","meta":{"footnotes":""},"class_list":["post-267","page","type-page","status-publish","hentry"],"_links":{"self":[{"href":"https:\/\/hotelcasadelarosa.ro\/hu\/wp-json\/wp\/v2\/pages\/267","targetHints":{"allow":["GET"]}}],"collection":[{"href":"https:\/\/hotelcasadelarosa.ro\/hu\/wp-json\/wp\/v2\/pages"}],"about":[{"href":"https:\/\/hotelcasadelarosa.ro\/hu\/wp-json\/wp\/v2\/types\/page"}],"author":[{"embeddable":true,"href":"https:\/\/hotelcasadelarosa.ro\/hu\/wp-json\/wp\/v2\/users\/1"}],"replies":[{"embeddable":true,"href":"https:\/\/hotelcasadelarosa.ro\/hu\/wp-json\/wp\/v2\/comments?post=267"}],"version-history":[{"count":2,"href":"https:\/\/hotelcasadelarosa.ro\/hu\/wp-json\/wp\/v2\/pages\/267\/revisions"}],"predecessor-version":[{"id":271,"href":"https:\/\/hotelcasadelarosa.ro\/hu\/wp-json\/wp\/v2\/pages\/267\/revisions\/271"}],"wp:attachment":[{"href":"https:\/\/hotelcasadelarosa.ro\/hu\/wp-json\/wp\/v2\/media?parent=267"}],"curies":[{"name":"wp","href":"https:\/\/api.w.org\/{rel}","templated":true}]}}