{"id":263,"date":"2025-01-24T16:04:05","date_gmt":"2025-01-24T16:04:05","guid":{"rendered":"https:\/\/hotelcasadelarosa.ro\/?page_id=263"},"modified":"2025-01-24T16:05:19","modified_gmt":"2025-01-24T16:05:19","slug":"regulament","status":"publish","type":"page","link":"https:\/\/hotelcasadelarosa.ro\/sr\/regulament\/","title":{"rendered":"Regulament"},"content":{"rendered":"<p>Dragi gosti,<br \/>\nNe dorim ca sejurul dumneavoastr\u0103 \u00een loca\u021bia noastr\u0103 s\u0103 fie o experien\u021b\u0103 c\u00e2t mai pl\u0103cut\u0103 \u0219i v\u0103 rug\u0103m s\u0103 \u021bine\u021bi cont de urm\u0103toarele:<\/p>\n<p>MODALITATEA DE REZERVARE<br \/>\nLa Hotel Casa de la Rosa rezervarea camerelor se poate realiza prin intermediul site-ului sau contactand receptia hotelului la numarul de telefon 0040729797900 sau pe adresa de e-mail office@hotelcasadelarosa.ro.<\/p>\n<p>CONFIRMAREA REZERVARILOR<br \/>\nConfirmarea unei rezervari individuale sosite pe e-mail sau telefonic se face prin trimiterea unui Formular de rezervare Hotel Casa de la Rosa. Clientii au obligatia de a verifica corectitudinea datelor inscrise in acest formular. Modificarea rezervarii confirmate se va accepta in limita disponibilitatii, la data anuntarii modificarii.<\/p>\n<p>MODALITATE DE PLATA<br \/>\nEste acceptata plata numerar, cu carte de credit (Visa, Mastercard, Maestro) sau prin virament. Achitarea cazarii si a costurilor suplimentare se va face cel tarziu la check-out. Hotelul isi rezerva dreptul de a incasa costul cazarii si la check-in. In perioada evenimentelor de anvergura desfasurate in oras, hotelul isi rezerva dreptul de a solicita plata integral in avans.<\/p>\n<p>POLITICA DE ANULARE<br \/>\nClientul poate sa anuleze gratuit rezervarea cu mai mult de 48 de ore inaintea sosirii. Daca anuleaza cu mai putin de 48 de ore inaintea sosirii, clientului i se va incasa tariful primei nopti de cazare. No-show-ul va fi taxat cu tariful primei nopti de cazare si va anula restul perioadei rezervate.<\/p>\n<p>POLITICA CU PRIVIRE LA COPII SI PATURI SUPLIMENTARE<br \/>\nCopiii cu varsta cuprinsa intre 0-6 ani (neimpliniti) beneficiaza de gratuitate daca sunt cazati in camera cu doi adulti platitori folosind acelasi pat.<br \/>\nCopiii cu varsta cuprinsa intre 6-12 ani beneficiaza de gratuitate la cazare daca folosesc paturile existente, insa se va achita contravaloarea micului dejun.<br \/>\nHotelul dispune si de patuturi pentru bebelusi.<br \/>\nCapacitatea maxima pentru patuturi intr-o camera este 1.<br \/>\nPatutul trebuie solicitat, iar acordarea acestuia trebuie sa fie confirmata de unitatea de cazare.<\/p>\n<p>ANIMALE DE COMPANIE<br \/>\nAccesul in hotel cu animale de companie este interzis.<\/p>\n<p>PROGRAM RESTAURANT SI BAR<br \/>\nMicul dejun se serveste in cursul saptamanii intre 07:00 si 10:00, iar in week-end de la 08:00 la 10:00, exclusiv pentru clientii hotelului, in restaurantul hotelului aflat la parter. Restaurantul si barul este deschis zilnic intre orele 12:00-22:00.<br \/>\nSunt interzise introducerea \u0219i consumul de alimente \u0219i b\u0103uturi provenite din afara loca\u021biei,at\u00e2t \u00een restaurant c\u00e2t \u0219i pe terasa Hotelului Casa de la Rosa.<\/p>\n<p>FUMATUL<br \/>\nIn cadrul hotelului fumatul este interzis. Nerespectarea interdictiei atrage dupa sine sanctionarea cu 500 lei\/zi a consumatorului.V\u0103 inform\u0103m c\u0103 \u00een fiecare camer\u0103 exist\u0103 senzori de fum care detecteaz\u0103 fumul de \u021bigar\u0103 \u0219i declan\u0219eaz\u0103 alarma de detec\u021bie.<\/p>\n<p>PARCARE<br \/>\nParcarea autovehiculelor clientilor este posibila in parcarea spatioasa a hotelului. Nu rezervam locurile de parcare si nici nu percepem taxa pentru oaspetii hotelului nostru.<\/p>\n<p>INTERNET<br \/>\nInternet wireless este disponibil in intregul hotel si este gratuit.<\/p>\n<p>Check-in:14:00<br \/>\nCheck-out:12:00<\/p>\n<p>DREPTUL DE A SELECTA CLIEN\u021aII:<br \/>\nHotel Casa de la Rosa are dreptul de a selecta clien\u021bii.<br \/>\nOaspe\u021bii no\u0219tri au obliga\u021bia de a se conforma normelor hoteliere.Ace\u0219tia trebuie s\u0103 respecte lini\u0219tea \u00een hotel, restaurant, teras\u0103, parcare \u0219i normele de convie\u021buire social\u0103 \u0219i moral\u0103.<br \/>\nDe asemenea clientul trebuie s\u0103 aib\u0103 grij\u0103 de proprietatea \u00eencredin\u021bat\u0103 lui pe timpul caz\u0103rii.Contravaloarea eventualelor degrad\u0103ri sau distrugeri ale bunurilor apar\u021bin\u00e2nd Hotelului Casa de la Rosa va fi suportat\u0103 de c\u0103tre cei vinova\u021bi de producerea acestora.<br \/>\nHotel Casa de la Rosa \u00ee\u0219i rezerv\u0103 dreptul de a refuza cazarea sau servirea \u00een restaurant a clien\u021bilor afla\u021bi \u00een stare de ebrietate, nepolitico\u0219i sau turbulen\u021bi care prin atitudinea lor aduc prejudicii imaginii hotelului sau deranjeaz\u0103 al\u021bi oaspe\u021bi.<\/p>\n<p>CLAUZE FINALE:<br \/>\nConsider\u0103m c\u0103 fiecare oaspete, \u00een momentul acces\u0103rii oric\u0103rui serviciu oferit de c\u0103tre Hotel Casa de la Rosa, a luat la cuno\u0219tin\u021b\u0103 de termenii \u0219i condi\u021biile men\u021bionate mai sus \u0219i le-a acceptat \u00een mod tacit.<br \/>\nTermenii \u0219i condi\u021biile men\u021bionate mai sus pot fi oric\u00e2nd modificate de c\u0103tre Hotel Casa de la Rosa, f\u0103r\u0103 a fi necesar\u0103 o notificare \u00een prealabil.<br \/>\nToate aceste norme au fost implementate pentru a putea oferi oaspe\u021bilor no\u0219tri un sejur c\u00e2t mai placut pe toat\u0103 durata vizitei \u00een loca\u021bia noastr\u0103.<\/p>\n<p>V\u0103 mul\u021bumim pentru \u00een\u021belegere!<\/p>","protected":false},"excerpt":{"rendered":"<p>Dragi oaspe\u021bi, Ne dorim ca sejurul dumneavoastr\u0103 \u00een loca\u021bia noastr\u0103 &#8230; Cite\u0219te mai multe<\/p>","protected":false},"author":1,"featured_media":0,"parent":0,"menu_order":0,"comment_status":"closed","ping_status":"closed","template":"","meta":{"footnotes":""},"class_list":["post-263","page","type-page","status-publish","hentry"],"_links":{"self":[{"href":"https:\/\/hotelcasadelarosa.ro\/sr\/wp-json\/wp\/v2\/pages\/263","targetHints":{"allow":["GET"]}}],"collection":[{"href":"https:\/\/hotelcasadelarosa.ro\/sr\/wp-json\/wp\/v2\/pages"}],"about":[{"href":"https:\/\/hotelcasadelarosa.ro\/sr\/wp-json\/wp\/v2\/types\/page"}],"author":[{"embeddable":true,"href":"https:\/\/hotelcasadelarosa.ro\/sr\/wp-json\/wp\/v2\/users\/1"}],"replies":[{"embeddable":true,"href":"https:\/\/hotelcasadelarosa.ro\/sr\/wp-json\/wp\/v2\/comments?post=263"}],"version-history":[{"count":2,"href":"https:\/\/hotelcasadelarosa.ro\/sr\/wp-json\/wp\/v2\/pages\/263\/revisions"}],"predecessor-version":[{"id":269,"href":"https:\/\/hotelcasadelarosa.ro\/sr\/wp-json\/wp\/v2\/pages\/263\/revisions\/269"}],"wp:attachment":[{"href":"https:\/\/hotelcasadelarosa.ro\/sr\/wp-json\/wp\/v2\/media?parent=263"}],"curies":[{"name":"wp","href":"https:\/\/api.w.org\/{rel}","templated":true}]}}