{"id":265,"date":"2025-01-24T16:04:12","date_gmt":"2025-01-24T16:04:12","guid":{"rendered":"https:\/\/hotelcasadelarosa.ro\/?page_id=265"},"modified":"2025-01-24T16:05:24","modified_gmt":"2025-01-24T16:05:24","slug":"termeni","status":"publish","type":"page","link":"https:\/\/hotelcasadelarosa.ro\/sr\/termeni\/","title":{"rendered":"Termeni"},"content":{"rendered":"<p>Utilizarea website-ului<\/p>\n<p>\u00cen momentul acces\u0103rii Website -ului accepta\u021bi s\u0103 v\u0103 supune\u021bi termenilor \u0219i condi\u021biilor din aceast\u0103 pagin\u0103.<\/p>\n<p>1. Termeni utiliza\u021bi:<\/p>\n<p>\u2022 Website = www.hotelcasadelarosa.ro\/<\/p>\n<p>\u2022 hotelcasadelarosa.ro = Administratorul website \u2013 ului<\/p>\n<p>\u2022 Utilizator = orice persoan\u0103 sau entitate care acceseaz\u0103 sau utilizeaz\u0103 Website-ul,<\/p>\n<p>Confiden\u021bialitatea datelor<\/p>\n<p>Prelucrarea datelor cu caracter personal<\/p>\n<p>S.C. Casa de la Rosa S.R.L. denumit\u0103 generic \u00een cele ce urmeaz\u0103 \u015fi hotelcasadelarosa.ro, poate prelucra datele dumneavoastr\u0103 cu caracter personal (nume, prenume, telefon, adres\u0103, e-mail) sau date cu caracter special (CNP, CI) \u00een scopul utiliz\u0103rii lor de c\u0103tre departamentul de marketing \u0219i contabilitate.<\/p>\n<p>Operatorul hotelcasadelarosa.ro \u00ee\u015fi asum\u0103 instituirea tuturor m\u0103surilor de protec\u0163ie a datelor cu caracter personal prelucrate \u00een sistemul informa\u0163ional de date cu caracter personal.<\/p>\n<p>\u00cen temeiul Legii 677\/2001 privind protec\u0163ia persoanelor cu privire la prelucrarea datelor cu caracter personal \u015fi libera circula\u0163ie a acestor date, modificata si completata, beneficia\u0163i de dreptul de acces, de interven\u0163ie asupra datelor, dreptul de opozi\u0163ie, dreptul de a nu fi supus unei decizii individuale \u015fi dreptul de a v\u0103 adresa justi\u0163iei. Pentru exercitarea acestor drepturi v\u0103 pute\u0163i adresa reprezentantilor legali ai hotelcasadelarosa.ro printr-o cerere scris\u0103, datat\u0103 \u015fi semnat\u0103, pe adresa de e-mail: office@hotelcasadelarosa.ro<\/p>\n<p>hotelcasadelarosa.ro, are obliga\u0163ia de a administra \u00een condi\u0163ii de siguran\u0163\u0103 \u015fi numai pentru scopurile specificate datele personale care ni le furniza\u0163i despre dumneavoastr\u0103, un membru al familiei dumneavoastr\u0103 ori o alt\u0103 persoan\u0103 iar \u00een calitate de autor, proprietar, utilizator \u015fi administrator al website-ului www.hotelcasadelarosa.ro\/<\/p>\n<p>, respect\u0103 caracterul privat \u015fi securitatea informa\u0163iei furnizate de c\u0103tre dumneavoastr\u0103 atunci c\u00e2nd utiliza\u0163i acest website, inclusiv a datelor cu caracter personal, scop \u00een care a creat \u015fi aplicat si Politic\u0103 de confiden\u0163ialitate, afi\u0219at\u0103 pe site-ul www.hotelcasadelarosa.ro\/<\/p>\n<p>Datele personale introduse de c\u0103tre utilizator vor fi folosite de hotelcasadelarosa.ro\u00a0 numai \u00een scopul declarat al websiteului www.hotelcasadelarosa.ro\/<\/p>\n<p>M\u0103suri luate pentru asigurarea securit\u0103\u0163ii prelucr\u0103rii datelor personale<\/p>\n<p>hotelcasadelarosa.ro va lua toate m\u0103surile tehnice \u015fi organizatorice adecvate pentru protejarea datelor cu caracter personal \u00eempotriva distrugerii accidentale sau ilegale, pierderii, modific\u0103rii, dezv\u0103luirii sau accesului neautorizat.<\/p>\n<p>Utilizatorii care au acces la baza de date a informa\u0163iilor cu caracter personal sunt doar cei desemna\u0163i de conducerea societ\u0103\u0163ii \u015fi au instruirea necesar\u0103 obligativit\u0103\u0163ii p\u0103str\u0103rii confiden\u0163ialit\u0103\u0163ii datelor la care au acces.<\/p>\n<p>Imprimarea datelor cu caracter personal se realizeaz\u0103 numai \u00een scopurile declarate, \u00een concordan\u0163\u0103 cu prevederile legislative \u00een vigoare. Este asigurat\u0103 imposibilitatea accesului din exterior a utilizatorilor la re\u021beaua intern\u0103 \u00een care se prelucreaz\u0103 date cu caracter personal, totodat\u0103 asigur\u00e2ndu-se integritatea \u0219i confiden\u021bialitatea datelor cu caracter personal transmise prin utilizarea mijloacelor de protec\u021bie criptografica a informa\u021biei.<\/p>","protected":false},"excerpt":{"rendered":"<p>Utilizarea website-ului \u00cen momentul acces\u0103rii Website -ului accepta\u021bi s\u0103 v\u0103 &#8230; Cite\u0219te mai multe<\/p>","protected":false},"author":1,"featured_media":0,"parent":0,"menu_order":0,"comment_status":"closed","ping_status":"closed","template":"","meta":{"footnotes":""},"class_list":["post-265","page","type-page","status-publish","hentry"],"_links":{"self":[{"href":"https:\/\/hotelcasadelarosa.ro\/sr\/wp-json\/wp\/v2\/pages\/265","targetHints":{"allow":["GET"]}}],"collection":[{"href":"https:\/\/hotelcasadelarosa.ro\/sr\/wp-json\/wp\/v2\/pages"}],"about":[{"href":"https:\/\/hotelcasadelarosa.ro\/sr\/wp-json\/wp\/v2\/types\/page"}],"author":[{"embeddable":true,"href":"https:\/\/hotelcasadelarosa.ro\/sr\/wp-json\/wp\/v2\/users\/1"}],"replies":[{"embeddable":true,"href":"https:\/\/hotelcasadelarosa.ro\/sr\/wp-json\/wp\/v2\/comments?post=265"}],"version-history":[{"count":2,"href":"https:\/\/hotelcasadelarosa.ro\/sr\/wp-json\/wp\/v2\/pages\/265\/revisions"}],"predecessor-version":[{"id":270,"href":"https:\/\/hotelcasadelarosa.ro\/sr\/wp-json\/wp\/v2\/pages\/265\/revisions\/270"}],"wp:attachment":[{"href":"https:\/\/hotelcasadelarosa.ro\/sr\/wp-json\/wp\/v2\/media?parent=265"}],"curies":[{"name":"wp","href":"https:\/\/api.w.org\/{rel}","templated":true}]}}