{"id":267,"date":"2025-01-24T16:04:18","date_gmt":"2025-01-24T16:04:18","guid":{"rendered":"https:\/\/hotelcasadelarosa.ro\/?page_id=267"},"modified":"2025-01-24T16:05:24","modified_gmt":"2025-01-24T16:05:24","slug":"gdpr","status":"publish","type":"page","link":"https:\/\/hotelcasadelarosa.ro\/sr\/gdpr\/","title":{"rendered":"GDPR"},"content":{"rendered":"<p>hotelcasadelarosa.ro folose\u015fte cookies pentru a-\u0163i oferi o experien\u0163\u0103 c\u00e2t mai pl\u0103cut\u0103. Navig\u00e2nd \u00een continuare, \u00ee\u0163i exprimi acordul pentru folosirea acestora. Informa\u0163iile prezentate \u00een continuare au scopul de a aduce la cuno\u015ftin\u0163a utilizatorului mai multe detalii despre plasarea, utilizarea \u015fi administrarea \u201ecookie\u201d-urilor utilizate de site-ul hotelcasadelarosa.ro.<\/p>\n<p>V\u0103 rug\u0103m s\u0103 citi\u0163i cu aten\u0163ie informa\u0163iile care urmeaz\u0103:<\/p>\n<p>Cookies<\/p>\n<p>Pentru a v\u0103 oferi o navigare c\u00e2t mai fluid\u0103 pe siteul hotelcasadelarosa.ro, folosim o facilitate a browserului internet numit\u0103 \u2018cookie\u2019. Cookies sunt fi\u015fiere de dimensiuni reduse pe care browserul le plaseaz\u0103 pe hard-diskul utilizatorului. Aceste cookies sunt folosite pentru a memora numele utilizatorilor, parolele \u015fi preferin\u0163ele, pentru a monitoriza parcursuri pe site, \u015fi pentru a personaliza paginile \u00een func\u0163ie de vizitator.<\/p>\n<p>Ave\u0163i op\u0163iunea de a seta browserul astfel \u00eenc\u00e2t s\u0103 resping\u0103 cookies. \u00cen acest caz \u00eens\u0103, va exista un impact negativ asupra navig\u0103rii pe situl nostru.<\/p>\n<p>Feedback<\/p>\n<p>hotelcasadelarosa.ro ofer\u0103 posibilitatea utilizatorilor site-ului de a trimite comentarii, recenzii, \u00eentreb\u0103ri \u015fi sugestii. Orice informa\u0163ie care este trimis\u0103 prin intermediul formularelor de contact va fi folosit\u0103 \u0163in\u00e2nd cont de dreptul la confiden\u0163ialitate \u015fi la imagine al persoanelor.<\/p>\n<p>Modific\u0103ri ale politicii de confiden\u0163ialitate<\/p>\n<p>Dac\u0103 vom considera c\u0103 este necesar\u0103 o schimbare a regulilor de confidentialitate, vom publica respectivele modific\u0103ri \u00een aceast\u0103 pagin\u0103 pentru a v\u0103 informa cu privire la tipurile de informa\u0163ii pe care le colectam \u015fi modul \u00een care le utiliz\u0103m. Dac\u0103 ave\u0163i \u00eentreb\u0103ri cu privire la politica noastr\u0103 de confiden\u0163ialitate v\u0103 rug\u0103m s\u0103 ne scrie\u0163i pe e-mail la office@hotelcasadelarosa.ro.<\/p>","protected":false},"excerpt":{"rendered":"<p>hotelcasadelarosa.ro folose\u015fte cookies pentru a-\u0163i oferi o experien\u0163\u0103 c\u00e2t mai &#8230; Cite\u0219te mai multe<\/p>","protected":false},"author":1,"featured_media":0,"parent":0,"menu_order":0,"comment_status":"closed","ping_status":"closed","template":"","meta":{"footnotes":""},"class_list":["post-267","page","type-page","status-publish","hentry"],"_links":{"self":[{"href":"https:\/\/hotelcasadelarosa.ro\/sr\/wp-json\/wp\/v2\/pages\/267","targetHints":{"allow":["GET"]}}],"collection":[{"href":"https:\/\/hotelcasadelarosa.ro\/sr\/wp-json\/wp\/v2\/pages"}],"about":[{"href":"https:\/\/hotelcasadelarosa.ro\/sr\/wp-json\/wp\/v2\/types\/page"}],"author":[{"embeddable":true,"href":"https:\/\/hotelcasadelarosa.ro\/sr\/wp-json\/wp\/v2\/users\/1"}],"replies":[{"embeddable":true,"href":"https:\/\/hotelcasadelarosa.ro\/sr\/wp-json\/wp\/v2\/comments?post=267"}],"version-history":[{"count":2,"href":"https:\/\/hotelcasadelarosa.ro\/sr\/wp-json\/wp\/v2\/pages\/267\/revisions"}],"predecessor-version":[{"id":271,"href":"https:\/\/hotelcasadelarosa.ro\/sr\/wp-json\/wp\/v2\/pages\/267\/revisions\/271"}],"wp:attachment":[{"href":"https:\/\/hotelcasadelarosa.ro\/sr\/wp-json\/wp\/v2\/media?parent=267"}],"curies":[{"name":"wp","href":"https:\/\/api.w.org\/{rel}","templated":true}]}}